{"id":36,"date":"2025-03-25T10:07:37","date_gmt":"2025-03-25T10:07:37","guid":{"rendered":"https:\/\/oryzatrad.com\/?page_id=36"},"modified":"2025-04-23T17:09:51","modified_gmt":"2025-04-23T17:09:51","slug":"reviews","status":"publish","type":"page","link":"https:\/\/oryzatrad.com\/fr\/reviews\/","title":{"rendered":"Reviews"},"content":{"rendered":"\n<figure class=\"wp-block-image size-full\"><img fetchpriority=\"high\" decoding=\"async\" width=\"954\" height=\"234\" src=\"https:\/\/oryzatrad.com\/wp-content\/uploads\/2025\/04\/WhatsApp-Image-2025-04-21-at-12.51.16.jpeg\" alt=\"\" class=\"wp-image-146\" srcset=\"https:\/\/oryzatrad.com\/wp-content\/uploads\/2025\/04\/WhatsApp-Image-2025-04-21-at-12.51.16.jpeg 954w, https:\/\/oryzatrad.com\/wp-content\/uploads\/2025\/04\/WhatsApp-Image-2025-04-21-at-12.51.16-300x74.jpeg 300w, https:\/\/oryzatrad.com\/wp-content\/uploads\/2025\/04\/WhatsApp-Image-2025-04-21-at-12.51.16-768x188.jpeg 768w\" sizes=\"(max-width: 954px) 100vw, 954px\" \/><\/figure>\n\n\n\n<p>&#8220;<em>Charlotte ha demostrado siempre una excelente disposici\u00f3n al trabajo y un puntual cumplimiento de las fechas de entrega. Adem\u00e1s ha tenido una actitud proactiva ante las dificultades y un gran inter\u00e9s por recoger correctamente las modificaciones propuestas por los revisores de su trabajo.<\/em>&#8220;<\/p>\n\n\n\n<pre class=\"wp-block-verse has-text-align-right\"><mark style=\"background-color:rgba(0, 0, 0, 0);color:#fecf29\" class=\"has-inline-color\">Diana Gibson - <a href=\"https:\/\/dgagriculturaltranslations.com\/fr\/accueil\/\" data-type=\"link\" data-id=\"https:\/\/dgagriculturaltranslations.com\/fr\/accueil\/\">DGAgricultural Translations<\/a><\/mark><br><\/pre>\n\n\n\n<p>&#8220;<em>I have had the pleasure of working closely with Charlotte in her role as a translator. Her proficiency in her work is highly commendable and she consistently delivers a high standard of translation. Charlotte&#8217;s ability to manage and organize her tasks effectively contributes greatly to the smooth functioning of our collaboration.<\/em> <em>Moreover, her responsiveness and prompt communication are among her strongest qualities. She is always available to discuss any queries or concerns, ensuring that there is no room for misunderstandings.&#8221;&nbsp;<\/em><\/p>\n\n\n\n<p class=\"has-text-align-right\"><mark style=\"background-color:rgba(0, 0, 0, 0);color:#fecf29\" class=\"has-inline-color\">Andrea Fernandez &#8211; PM at <a href=\"https:\/\/translated.com\/welcome\">Translated<\/a><\/mark><\/p>\n\n\n\n<p><\/p>\n\n\n\n<p>&#8220;<em>Charlotte a \u00e9t\u00e9 traductrice pour Envol vert de longues ann\u00e9es, durant lesquelles j&#8217;ai pu attester de son engagement et de son professionnalisme et de sa capacit\u00e9 \u00e0 s&#8217;auto-organiser et respecter les d\u00e9lais. Merci pour l&#8217;aide fournie.<\/em>&#8220;<\/p>\n\n\n\n<p class=\"has-text-align-right\"><mark style=\"background-color:rgba(0, 0, 0, 0);color:#fecf29\" class=\"has-inline-color\">Daisy Tarrier &#8211; CEO at <a href=\"https:\/\/envol-vert.org\/\" data-type=\"link\" data-id=\"https:\/\/envol-vert.org\/\">Envol Vert<\/a><\/mark><\/p>\n\n\n\n<p><\/p>\n\n\n\n<p><\/p>\n\n\n\n<p>&#8220;<em>Charlotte has been working with us on translating our websites and marketing material for several years. Her work is always of the highest standard, on time and her communication is excellent. Happy to recommend.&#8221;<\/em><\/p>\n\n\n\n<p class=\"has-text-align-right\"><mark style=\"background-color:rgba(0, 0, 0, 0);color:#fecf29\" class=\"has-inline-color\">Jon Harris &#8211; PM at <a href=\"https:\/\/swimsecure.co.uk\/\">Swimsecure<\/a><\/mark><\/p>\n\n\n\n<p><\/p>\n\n\n\n<figure class=\"wp-block-image aligncenter size-full is-resized\"><img decoding=\"async\" width=\"405\" height=\"405\" src=\"https:\/\/oryzatrad.com\/wp-content\/uploads\/2025\/04\/logo-sign-2.png\" alt=\"\" class=\"wp-image-67\" style=\"width:229px;height:auto\" srcset=\"https:\/\/oryzatrad.com\/wp-content\/uploads\/2025\/04\/logo-sign-2.png 405w, https:\/\/oryzatrad.com\/wp-content\/uploads\/2025\/04\/logo-sign-2-300x300.png 300w, https:\/\/oryzatrad.com\/wp-content\/uploads\/2025\/04\/logo-sign-2-150x150.png 150w\" sizes=\"(max-width: 405px) 100vw, 405px\" \/><\/figure>\n\n\n\n<p><\/p>\n","protected":false},"excerpt":{"rendered":"<p>&#8220;Charlotte ha demostrado siempre una excelente disposici\u00f3n al trabajo y un puntual cumplimiento de las fechas de entrega. Adem\u00e1s ha tenido una actitud proactiva ante las dificultades y un gran inter\u00e9s por recoger correctamente las modificaciones propuestas por los revisores de su trabajo.&#8220; Diana Gibson &#8211; DGAgricultural Translations &#8220;I have had the pleasure of working [&hellip;]<\/p>\n","protected":false},"author":1,"featured_media":0,"parent":0,"menu_order":0,"comment_status":"closed","ping_status":"closed","template":"","meta":{"footnotes":""},"class_list":["post-36","page","type-page","status-publish","hentry"],"translation":{"provider":"WPGlobus","version":"3.0.2","language":"fr","enabled_languages":["en","es","de","fr"],"languages":{"en":{"title":true,"content":true,"excerpt":false},"es":{"title":false,"content":false,"excerpt":false},"de":{"title":false,"content":false,"excerpt":false},"fr":{"title":false,"content":false,"excerpt":false}}},"_links":{"self":[{"href":"https:\/\/oryzatrad.com\/fr\/wp-json\/wp\/v2\/pages\/36","targetHints":{"allow":["GET"]}}],"collection":[{"href":"https:\/\/oryzatrad.com\/fr\/wp-json\/wp\/v2\/pages"}],"about":[{"href":"https:\/\/oryzatrad.com\/fr\/wp-json\/wp\/v2\/types\/page"}],"author":[{"embeddable":true,"href":"https:\/\/oryzatrad.com\/fr\/wp-json\/wp\/v2\/users\/1"}],"replies":[{"embeddable":true,"href":"https:\/\/oryzatrad.com\/fr\/wp-json\/wp\/v2\/comments?post=36"}],"version-history":[{"count":9,"href":"https:\/\/oryzatrad.com\/fr\/wp-json\/wp\/v2\/pages\/36\/revisions"}],"predecessor-version":[{"id":161,"href":"https:\/\/oryzatrad.com\/fr\/wp-json\/wp\/v2\/pages\/36\/revisions\/161"}],"wp:attachment":[{"href":"https:\/\/oryzatrad.com\/fr\/wp-json\/wp\/v2\/media?parent=36"}],"curies":[{"name":"wp","href":"https:\/\/api.w.org\/{rel}","templated":true}]}}